{"id":82,"date":"2025-10-16T22:00:43","date_gmt":"2025-10-16T20:00:43","guid":{"rendered":"https:\/\/rff1.de\/rff\/?page_id=82"},"modified":"2025-10-21T20:07:18","modified_gmt":"2025-10-21T18:07:18","slug":"das-sind-wir","status":"publish","type":"page","link":"https:\/\/rff1.de\/rff\/?page_id=82","title":{"rendered":"Das Sind Wir"},"content":{"rendered":"<h1 class=\"entry-title\">Eine Bunt Gew\u00fcrfelte Gruppe aus Verschiedenen Gegenden Deutschlands.<\/h1>\n<div class=\"entry-content\">\n<p>Die ganze Gesellschaft wird getragen von der Naitpage Media, welche sich aus Verschiedenen Radios mit unterschiedlichen Genres zusammensetzt. An der Spitze steht Radiofreeform. Wie der Name schon Sagt ein Chaoten Radio ohne Jegliches Format. Dies erm\u00f6glicht es Moderatoren von Schlager bis Metall in einen Sender zu Vereinen.<\/p>\n<p><strong>Das Redaktion Team von RFF:<\/strong><\/p>\n<p><strong>Thom<\/strong><img loading=\"lazy\" decoding=\"async\" class=\"aligncenter size-medium wp-image-28\" src=\"http:\/\/rff1.de\/rff\/wp-content\/uploads\/2024\/09\/Thom-klein-300x225.jpg\" alt=\"\" width=\"300\" height=\"225\" srcset=\"https:\/\/rff1.de\/rff\/wp-content\/uploads\/2024\/09\/Thom-klein-300x225.jpg 300w, https:\/\/rff1.de\/rff\/wp-content\/uploads\/2024\/09\/Thom-klein.jpg 320w\" sizes=\"auto, (max-width: 300px) 100vw, 300px\" \/><\/p>\n<p>Der den alle Chef nennen obwohl er sagt, er ist Nix und kann Nix. Hat den Gem\u00fcsegarten der Musik gepachtet. Das Magazin Der MaxMix und der Sonntag Morgenwecker sind seine Reviere mit Interesanten Inhalt aus aller Welt.<\/p>\n<p><strong>Ute<\/strong><img loading=\"lazy\" decoding=\"async\" class=\"aligncenter size-medium wp-image-29\" src=\"http:\/\/rff1.de\/rff\/wp-content\/uploads\/2024\/09\/Ute_2022_klein-192x300.jpg\" alt=\"\" width=\"192\" height=\"300\" srcset=\"https:\/\/rff1.de\/rff\/wp-content\/uploads\/2024\/09\/Ute_2022_klein-192x300.jpg 192w, https:\/\/rff1.de\/rff\/wp-content\/uploads\/2024\/09\/Ute_2022_klein.jpg 205w\" sizes=\"auto, (max-width: 192px) 100vw, 192px\" \/><\/p>\n<p>Die Sekret\u00e4rin und der Geist der versucht den Laden zusammen zu halten. Auch wenn die Musik aus dem Dunkel der Gruft ruft und der Samstagabend einer Unterichtstunde in sachen Musik zu sein Scheint.<\/p>\n<p><strong>Klaus<\/strong><img loading=\"lazy\" decoding=\"async\" class=\"aligncenter size-medium wp-image-22\" src=\"http:\/\/rff1.de\/rff\/wp-content\/uploads\/2024\/09\/klaus_klein_2022-170x300.jpg\" alt=\"\" width=\"170\" height=\"300\" srcset=\"https:\/\/rff1.de\/rff\/wp-content\/uploads\/2024\/09\/klaus_klein_2022-170x300.jpg 170w, https:\/\/rff1.de\/rff\/wp-content\/uploads\/2024\/09\/klaus_klein_2022.jpg 181w\" sizes=\"auto, (max-width: 170px) 100vw, 170px\" \/><\/p>\n<p>Unser Nachrichten Fritze und Mann f\u00fcr das Eisen was noch etwas l\u00e4nger geschmiedet werden muss. Metall ist Sein Leben und seine Musik. Mit Gitare f\u00fcr alle zeigt er Euch seine Musik.<\/p>\n<p><strong>Lucy<\/strong><img loading=\"lazy\" decoding=\"async\" class=\"aligncenter size-medium wp-image-24\" src=\"http:\/\/rff1.de\/rff\/wp-content\/uploads\/2024\/09\/Lucy-klein-208x300.jpg\" alt=\"\" width=\"208\" height=\"300\" srcset=\"https:\/\/rff1.de\/rff\/wp-content\/uploads\/2024\/09\/Lucy-klein-208x300.jpg 208w, https:\/\/rff1.de\/rff\/wp-content\/uploads\/2024\/09\/Lucy-klein.jpg 222w\" sizes=\"auto, (max-width: 208px) 100vw, 208px\" \/><\/p>\n<p>Musikredaktion und alles was das Tanzbein so mag. Von Rockig Poppig bis Schnulzige Schlager, sie findet immer eine Fu\u00dfnote. In Lucys gute Laune Musik liegt sie Euch in den Ohren.<\/p>\n<p><strong>Opi Nis<\/strong> <img loading=\"lazy\" decoding=\"async\" class=\"aligncenter size-medium wp-image-147\" src=\"http:\/\/rff1.de\/rff\/wp-content\/uploads\/2025\/04\/WhatsApp-Bild-2025-02-02-um-12.32.35_f89659df-225x300.jpg\" alt=\"Opi Nis\" width=\"225\" height=\"300\" srcset=\"https:\/\/rff1.de\/rff\/wp-content\/uploads\/2025\/04\/WhatsApp-Bild-2025-02-02-um-12.32.35_f89659df-225x300.jpg 225w, https:\/\/rff1.de\/rff\/wp-content\/uploads\/2025\/04\/WhatsApp-Bild-2025-02-02-um-12.32.35_f89659df-768x1024.jpg 768w, https:\/\/rff1.de\/rff\/wp-content\/uploads\/2025\/04\/WhatsApp-Bild-2025-02-02-um-12.32.35_f89659df-1152x1536.jpg 1152w, https:\/\/rff1.de\/rff\/wp-content\/uploads\/2025\/04\/WhatsApp-Bild-2025-02-02-um-12.32.35_f89659df.jpg 1199w\" sizes=\"auto, (max-width: 225px) 100vw, 225px\" \/>Unser D\u00e4nischer Th\u00fcringer ist f\u00fcr Oldies und Rock eine Gute Adresse. Er hat immer ein lustiges Wort im Gep\u00e4ck Rockige Oldies ist seine Sendung.<\/p>\n<p><strong>Claudia\u00a0<\/strong><em> Ist wider Da &#8230; (03.11.2025)<\/em><\/p>\n<p><img loading=\"lazy\" decoding=\"async\" class=\"aligncenter size-medium wp-image-170\" src=\"http:\/\/rff1.de\/rff\/wp-content\/uploads\/2025\/08\/WhatsApp-Bild-2025-08-24-um-15.37.47_2675572b-225x300.jpg\" alt=\"Claudia\" width=\"225\" height=\"300\" srcset=\"https:\/\/rff1.de\/rff\/wp-content\/uploads\/2025\/08\/WhatsApp-Bild-2025-08-24-um-15.37.47_2675572b-225x300.jpg 225w, https:\/\/rff1.de\/rff\/wp-content\/uploads\/2025\/08\/WhatsApp-Bild-2025-08-24-um-15.37.47_2675572b-768x1024.jpg 768w, https:\/\/rff1.de\/rff\/wp-content\/uploads\/2025\/08\/WhatsApp-Bild-2025-08-24-um-15.37.47_2675572b-1152x1536.jpg 1152w, https:\/\/rff1.de\/rff\/wp-content\/uploads\/2025\/08\/WhatsApp-Bild-2025-08-24-um-15.37.47_2675572b.jpg 1199w\" sizes=\"auto, (max-width: 225px) 100vw, 225px\" \/><\/p>\n<p>Nach einer kurzen Auszeit ist Claudia wider F\u00fcr Euch Da. Mit Oldis und Schlager bringt sie Euch Gute Musik auf die Ohren. Nat\u00fcrlich auch mit bei unseren Opi Nis&#8230;<\/p>\n<p><strong>Franz Zehnbier<\/strong> <em>(Seit 04.2025 in K\u00fcnstler Pause)<\/em><img loading=\"lazy\" decoding=\"async\" class=\"aligncenter size-medium wp-image-21\" src=\"http:\/\/rff1.de\/rff\/wp-content\/uploads\/2024\/09\/Franz_klein_2022-225x300.jpg\" alt=\"\" width=\"225\" height=\"300\" srcset=\"https:\/\/rff1.de\/rff\/wp-content\/uploads\/2024\/09\/Franz_klein_2022-225x300.jpg 225w, https:\/\/rff1.de\/rff\/wp-content\/uploads\/2024\/09\/Franz_klein_2022.jpg 240w\" sizes=\"auto, (max-width: 225px) 100vw, 225px\" \/><\/p>\n<p>Die Halbe Bierkiste, Satire und mehr als K\u00fcnstler, auch im Real Live, sorgt er immer wieder f\u00fcr \u00dcberraschungen. Mit Total VerFranzt oder den German Express.<br \/>\n<a href=\"https:\/\/skulpturen-holz.de\/\" target=\"_blank\" rel=\"noopener\"><img loading=\"lazy\" decoding=\"async\" class=\"aligncenter size-full wp-image-148\" src=\"http:\/\/rff1.de\/rff\/wp-content\/uploads\/2025\/04\/Bildhauer-2025.jpg\" alt=\"Bildhaueratelier Czieslik\" width=\"468\" height=\"60\" srcset=\"https:\/\/rff1.de\/rff\/wp-content\/uploads\/2025\/04\/Bildhauer-2025.jpg 468w, https:\/\/rff1.de\/rff\/wp-content\/uploads\/2025\/04\/Bildhauer-2025-300x38.jpg 300w\" sizes=\"auto, (max-width: 468px) 100vw, 468px\" \/><\/a><\/p>\n<h5><strong>Der Diddi<\/strong> <img loading=\"lazy\" decoding=\"async\" class=\"aligncenter size-medium wp-image-149\" src=\"http:\/\/rff1.de\/rff\/wp-content\/uploads\/2025\/04\/WhatsApp-Bild-2025-02-02-um-12.40.40_6821bc61-169x300.jpg\" alt=\"Diddi\" width=\"169\" height=\"300\" srcset=\"https:\/\/rff1.de\/rff\/wp-content\/uploads\/2025\/04\/WhatsApp-Bild-2025-02-02-um-12.40.40_6821bc61-169x300.jpg 169w, https:\/\/rff1.de\/rff\/wp-content\/uploads\/2025\/04\/WhatsApp-Bild-2025-02-02-um-12.40.40_6821bc61-576x1024.jpg 576w, https:\/\/rff1.de\/rff\/wp-content\/uploads\/2025\/04\/WhatsApp-Bild-2025-02-02-um-12.40.40_6821bc61-768x1365.jpg 768w, https:\/\/rff1.de\/rff\/wp-content\/uploads\/2025\/04\/WhatsApp-Bild-2025-02-02-um-12.40.40_6821bc61-864x1536.jpg 864w, https:\/\/rff1.de\/rff\/wp-content\/uploads\/2025\/04\/WhatsApp-Bild-2025-02-02-um-12.40.40_6821bc61.jpg 1080w\" sizes=\"auto, (max-width: 169px) 100vw, 169px\" \/>Unser Radio Frischling mit seiner Mystische Zeit bringt Euch <span data-huuid=\"10587083770211506277\">Gothic, Darkwave, New Wave und<\/span> <span data-huuid=\"10587083770211506168\">mehrere Musikgenres<\/span> auf die Ohren. Auch sonst ist er auf vielen Musik Ebenen unterwegs mit den Sendungen mit der Bezeichnung Eine lustig Bunte Mischung deckt er den gesamten Musikgarten ab. Nach einer Kleinen auszeit ist er seit dem 27.09.2025 wider auf Sendung, kein bischen Leiser&#8230;<\/h5>\n<p>Das Radioteam wechselt auch von Zeit zu Zeit, viele Kollegen sind schon gekommen und gegangen.<\/p>\n<p>Wir halten sie gerne noch in unseren Erinnerungen. Gerne denken wir an sie zur\u00fcck und sagen auf diesen Weg \u201eDanke das ihr unser Hobby geteilt habt!\u201c\u00a0 Wenn Ihr auch Interesse habt mit zu machen, Eine Sendung zu Moderiren oder mur mal so mit dabei sein, Schreibt unter radio(at)rff1.de eine Mail mit Eueren Betreff und wer wei\u00df vielleicht h\u00f6ren wir uns bald gemeinsam im Radio.<\/p>\n<p>RFFchen &#8230; (Ist in arbeit :-P)<\/p>\n<p>Stand: 17.10.2025<\/p>\n<p>Wenn ihr jemand vermisst dann schreibt uns doch <img loading=\"lazy\" decoding=\"async\" class=\"aligncenter size-medium wp-image-87\" src=\"http:\/\/rff1.de\/rff\/wp-content\/uploads\/2024\/09\/childishness-300x173.png\" alt=\"\" width=\"300\" height=\"173\" srcset=\"https:\/\/rff1.de\/rff\/wp-content\/uploads\/2024\/09\/childishness-300x173.png 300w, https:\/\/rff1.de\/rff\/wp-content\/uploads\/2024\/09\/childishness-768x444.png 768w, https:\/\/rff1.de\/rff\/wp-content\/uploads\/2024\/09\/childishness.png 920w\" sizes=\"auto, (max-width: 300px) 100vw, 300px\" \/><\/p>\n<\/div>\n","protected":false},"excerpt":{"rendered":"<p>Eine Bunt Gew\u00fcrfelte Gruppe aus Verschiedenen Gegenden Deutschlands. Die ganze Gesellschaft wird getragen von der Naitpage Media, welche sich aus Verschiedenen Radios mit unterschiedlichen Genres zusammensetzt. An der Spitze steht Radiofreeform. Wie der Name schon Sagt ein Chaoten Radio ohne &hellip; <a href=\"https:\/\/rff1.de\/rff\/?page_id=82\">Weiterlesen <span class=\"meta-nav\">&rarr;<\/span><\/a><\/p>\n","protected":false},"author":1,"featured_media":0,"parent":0,"menu_order":0,"comment_status":"closed","ping_status":"closed","template":"","meta":{"footnotes":""},"class_list":["post-82","page","type-page","status-publish","hentry"],"_links":{"self":[{"href":"https:\/\/rff1.de\/rff\/index.php?rest_route=\/wp\/v2\/pages\/82","targetHints":{"allow":["GET"]}}],"collection":[{"href":"https:\/\/rff1.de\/rff\/index.php?rest_route=\/wp\/v2\/pages"}],"about":[{"href":"https:\/\/rff1.de\/rff\/index.php?rest_route=\/wp\/v2\/types\/page"}],"author":[{"embeddable":true,"href":"https:\/\/rff1.de\/rff\/index.php?rest_route=\/wp\/v2\/users\/1"}],"replies":[{"embeddable":true,"href":"https:\/\/rff1.de\/rff\/index.php?rest_route=%2Fwp%2Fv2%2Fcomments&post=82"}],"version-history":[{"count":23,"href":"https:\/\/rff1.de\/rff\/index.php?rest_route=\/wp\/v2\/pages\/82\/revisions"}],"predecessor-version":[{"id":188,"href":"https:\/\/rff1.de\/rff\/index.php?rest_route=\/wp\/v2\/pages\/82\/revisions\/188"}],"wp:attachment":[{"href":"https:\/\/rff1.de\/rff\/index.php?rest_route=%2Fwp%2Fv2%2Fmedia&parent=82"}],"curies":[{"name":"wp","href":"https:\/\/api.w.org\/{rel}","templated":true}]}}